{"id":27732,"date":"2022-12-02T18:31:26","date_gmt":"2022-12-02T22:31:26","guid":{"rendered":"https:\/\/miguelenlaweb.com\/site\/?page_id=27732"},"modified":"2023-06-09T11:34:58","modified_gmt":"2023-06-09T15:34:58","slug":"evaluacion-talleres","status":"publish","type":"page","link":"https:\/\/miguelenlaweb.com\/site\/evaluacion-talleres\/","title":{"rendered":"Evaluaci\u00f3n talleres"},"content":{"rendered":"\t\t<div data-elementor-type=\"wp-page\" data-elementor-id=\"27732\" class=\"elementor elementor-27732\">\n\t\t\t\t\t\t\t\t\t<section data-particle_enable=\"false\" data-particle-mobile-disabled=\"false\" class=\"elementor-section elementor-top-section elementor-element elementor-element-3447f83 elementor-section-full_width elementor-section-height-default elementor-section-height-default\" data-id=\"3447f83\" data-element_type=\"section\" data-settings=\"{&quot;background_background&quot;:&quot;classic&quot;}\">\n\t\t\t\t\t\t\t<div class=\"elementor-background-overlay\"><\/div>\n\t\t\t\t\t\t\t<div class=\"elementor-container elementor-column-gap-no\">\n\t\t\t\t\t<div class=\"elementor-column elementor-col-100 elementor-top-column elementor-element elementor-element-b3a35f8\" data-id=\"b3a35f8\" data-element_type=\"column\">\n\t\t\t<div class=\"elementor-widget-wrap elementor-element-populated\">\n\t\t\t\t\t\t\t\t<div class=\"elementor-element elementor-element-7975393 elementor-align-center elementor-widget elementor-widget-lottie\" data-id=\"7975393\" data-element_type=\"widget\" data-settings=\"{&quot;source_json&quot;:{&quot;url&quot;:&quot;https:\\\/\\\/miguelenlaweb.com\\\/site\\\/wp-content\\\/uploads\\\/2022\\\/11\\\/lf30_editor_zl2lft9b.json&quot;,&quot;id&quot;:27308,&quot;alt&quot;:&quot;&quot;,&quot;source&quot;:&quot;library&quot;},&quot;loop&quot;:&quot;yes&quot;,&quot;play_speed&quot;:{&quot;unit&quot;:&quot;px&quot;,&quot;size&quot;:3,&quot;sizes&quot;:[]},&quot;source&quot;:&quot;media_file&quot;,&quot;caption_source&quot;:&quot;none&quot;,&quot;link_to&quot;:&quot;none&quot;,&quot;trigger&quot;:&quot;arriving_to_viewport&quot;,&quot;viewport&quot;:{&quot;unit&quot;:&quot;%&quot;,&quot;size&quot;:&quot;&quot;,&quot;sizes&quot;:{&quot;start&quot;:0,&quot;end&quot;:100}},&quot;start_point&quot;:{&quot;unit&quot;:&quot;%&quot;,&quot;size&quot;:&quot;0&quot;,&quot;sizes&quot;:[]},&quot;end_point&quot;:{&quot;unit&quot;:&quot;%&quot;,&quot;size&quot;:&quot;100&quot;,&quot;sizes&quot;:[]},&quot;renderer&quot;:&quot;svg&quot;}\" data-widget_type=\"lottie.default\">\n\t\t\t\t<div class=\"elementor-widget-container\">\n\t\t\t<style>\/*! elementor-pro - v3.8.0 - 30-10-2022 *\/\n.e-lottie__container{display:inline-block;max-width:var(--lottie-container-max-width);width:var(--lottie-container-width);opacity:var(--lottie-container-opacity)}.e-lottie__container:hover{opacity:var(--lottie-container-opacity-hover);-webkit-transition-duration:var(--lottie-container-transition-duration-hover);-o-transition-duration:var(--lottie-container-transition-duration-hover);transition-duration:var(--lottie-container-transition-duration-hover)}.e-lottie__container svg,.e-lottie__container svg *{-webkit-transition:none!important;-o-transition:none!important;transition:none!important}.e-lottie__caption{color:var(--caption-color);margin-top:var(--caption-margin-top);text-align:var(--caption-text-align)}<\/style><div class=\"e-lottie__container\"><div class=\"e-lottie__animation\"><\/div><\/div>\t\t<\/div>\n\t\t\t\t<\/div>\n\t\t\t\t<div class=\"elementor-element elementor-element-4e492e2 elementor-widget elementor-widget-text-editor\" data-id=\"4e492e2\" data-element_type=\"widget\" data-widget_type=\"text-editor.default\">\n\t\t\t\t<div class=\"elementor-widget-container\">\n\t\t\t<style>\/*! elementor - v3.8.0 - 30-10-2022 *\/\n.elementor-widget-text-editor.elementor-drop-cap-view-stacked .elementor-drop-cap{background-color:#818a91;color:#fff}.elementor-widget-text-editor.elementor-drop-cap-view-framed .elementor-drop-cap{color:#818a91;border:3px solid;background-color:transparent}.elementor-widget-text-editor:not(.elementor-drop-cap-view-default) .elementor-drop-cap{margin-top:8px}.elementor-widget-text-editor:not(.elementor-drop-cap-view-default) .elementor-drop-cap-letter{width:1em;height:1em}.elementor-widget-text-editor .elementor-drop-cap{float:left;text-align:center;line-height:1;font-size:50px}.elementor-widget-text-editor .elementor-drop-cap-letter{display:inline-block}<\/style>\t\t\t\t<h1><span style=\"color: #ffffff;\"><strong>Encuesta de evaluaci\u00f3n<\/strong><\/span><\/h1>\nAy\u00fadanos a seguir mejorando.\t\t\t\t\t\t<\/div>\n\t\t\t\t<\/div>\n\t\t\t\t\t<\/div>\n\t\t<\/div>\n\t\t\t\t\t\t\t<\/div>\n\t\t<\/section>\n\t\t\t\t<section data-particle_enable=\"false\" data-particle-mobile-disabled=\"false\" class=\"elementor-section elementor-top-section elementor-element elementor-element-78f4eaf elementor-section-boxed elementor-section-height-default elementor-section-height-default\" data-id=\"78f4eaf\" data-element_type=\"section\">\n\t\t\t\t\t\t<div class=\"elementor-container elementor-column-gap-default\">\n\t\t\t\t\t<div class=\"elementor-column elementor-col-100 elementor-top-column elementor-element elementor-element-4adeef0\" data-id=\"4adeef0\" data-element_type=\"column\" data-settings=\"{&quot;background_background&quot;:&quot;classic&quot;}\">\n\t\t\t<div class=\"elementor-widget-wrap elementor-element-populated\">\n\t\t\t\t\t\t\t\t<div class=\"elementor-element elementor-element-f460bdc eael-wpforms-labels-yes eael-wpforms-form-button-custom elementor-widget elementor-widget-eael-wpforms\" data-id=\"f460bdc\" data-element_type=\"widget\" data-widget_type=\"eael-wpforms.default\">\n\t\t\t\t<div class=\"elementor-widget-container\">\n\t\t\t            <div class=\"eael-contact-form eael-wpforms placeholder-hide eael-contact-form-align-center\">\n                                <div class=\"wpforms-container \" id=\"wpforms-27726\"><form id=\"wpforms-form-27726\" class=\"wpforms-validate wpforms-form\" data-formid=\"27726\" method=\"post\" enctype=\"multipart\/form-data\" action=\"\/site\/wp-json\/wp\/v2\/pages\/27732\" data-token=\"e781277017218469171f19b85566a12a\"><div class=\"wpforms-head-container\"><\/div><noscript class=\"wpforms-error-noscript\">Please enable JavaScript in your browser to complete this form.<\/noscript><div class=\"wpforms-field-container\"><div id=\"wpforms-27726-field_15-container\" class=\"wpforms-field wpforms-field-divider\" data-field-id=\"15\"><h3 id=\"wpforms-27726-field_15\" name=\"wpforms[fields][15]\">Empecemos...<\/h3><\/div><div id=\"wpforms-27726-field_1-container\" class=\"wpforms-field wpforms-field-select wpforms-field-select-style-classic\" data-field-id=\"1\"><label class=\"wpforms-field-label\" for=\"wpforms-27726-field_1\">Selecciona el taller al cual asististe <span class=\"wpforms-required-label\">*<\/span><\/label><select id=\"wpforms-27726-field_1\" class=\"wpforms-field-large wpforms-field-required\" name=\"wpforms[fields][1]\" required=\"required\"><option value=\"Branding Personal\" >Branding Personal<\/option><option value=\"Canva: Dise\u00f1a para redes sociales\" >Canva: Dise\u00f1a para redes sociales<\/option><option value=\"Creaci\u00f3n de contenido para redes sociales\" >Creaci\u00f3n de contenido para redes sociales<\/option><option value=\"C\u00f3mo sacarle provecho a Linkedin\" >C\u00f3mo sacarle provecho a Linkedin<\/option><option value=\"Formate como comunity Manager\" >Formate como comunity Manager<\/option><option value=\"Gesti\u00f3n de redes sociales\" >Gesti\u00f3n de redes sociales<\/option><option value=\"Fotograf\u00eda digital m\u00f3vil\" >Fotograf\u00eda digital m\u00f3vil<\/option><option value=\"Fundamentos de marketing para emprendedores\" >Fundamentos de marketing para emprendedores<\/option><option value=\"Instagram como herramienta de marketing digital\" >Instagram como herramienta de marketing digital<\/option><option value=\"Construye tu marca personal en redes sociales\" >Construye tu marca personal en redes sociales<\/option><option value=\"M\u00e9tricas en redes sociales\" >M\u00e9tricas en redes sociales<\/option><option value=\"Publicidad y mercadeo para emprendedores\" >Publicidad y mercadeo para emprendedores<\/option><option value=\"Social Selling\" >Social Selling<\/option><option value=\"WhatsApp y Telegram como Herramientas de Mercadeo y Ventas\" >WhatsApp y Telegram como Herramientas de Mercadeo y Ventas<\/option><\/select><\/div><div id=\"wpforms-27726-field_2-container\" class=\"wpforms-field wpforms-field-select wpforms-field-select-style-classic\" data-field-id=\"2\"><label class=\"wpforms-field-label\" for=\"wpforms-27726-field_2\">\u00bfDe d\u00f3nde vienes? <span class=\"wpforms-required-label\">*<\/span><\/label><select id=\"wpforms-27726-field_2\" class=\"wpforms-field-medium wpforms-field-required\" name=\"wpforms[fields][2]\" required=\"required\"><option value=\"Mun. Libertador (Caracas)\" >Mun. Libertador (Caracas)<\/option><option value=\"Mun. Chacao (Caracas)\" >Mun. Chacao (Caracas)<\/option><option value=\"Mun. Sucre (Caracas)\" >Mun. Sucre (Caracas)<\/option><option value=\"Mun. Baruta (Caracas)\" >Mun. Baruta (Caracas)<\/option><option value=\"Mun. El Hatillo (Caracas)\" >Mun. El Hatillo (Caracas)<\/option><option value=\"Altos Mirandinos\" >Altos Mirandinos<\/option><option value=\"Guarenas - Guatire\" >Guarenas - Guatire<\/option><option value=\"Otro\" >Otro<\/option><\/select><\/div><div id=\"wpforms-27726-field_3-container\" class=\"wpforms-field wpforms-field-checkbox\" data-field-id=\"3\"><label class=\"wpforms-field-label\" for=\"wpforms-27726-field_3\">\u00bfParticipar\u00edas en otro de nuestros talleres? <span class=\"wpforms-required-label\">*<\/span><\/label><ul id=\"wpforms-27726-field_3\" class=\"wpforms-field-required\"><li class=\"choice-1 depth-1\"><input type=\"checkbox\" id=\"wpforms-27726-field_3_1\" name=\"wpforms[fields][3][]\" value=\"Si, \u00a1los recomendar\u00eda!\" required ><label class=\"wpforms-field-label-inline\" for=\"wpforms-27726-field_3_1\">Si, \u00a1los recomendar\u00eda!<\/label><\/li><li class=\"choice-2 depth-1\"><input type=\"checkbox\" id=\"wpforms-27726-field_3_2\" name=\"wpforms[fields][3][]\" value=\"Si, probablemente\" required ><label class=\"wpforms-field-label-inline\" for=\"wpforms-27726-field_3_2\">Si, probablemente<\/label><\/li><li class=\"choice-3 depth-1\"><input type=\"checkbox\" id=\"wpforms-27726-field_3_3\" name=\"wpforms[fields][3][]\" value=\"No, no volver\u00e9\" required ><label class=\"wpforms-field-label-inline\" for=\"wpforms-27726-field_3_3\">No, no volver\u00e9<\/label><\/li><\/ul><\/div><div id=\"wpforms-27726-field_9-container\" class=\"wpforms-field wpforms-field-divider\" data-field-id=\"9\"><h3 id=\"wpforms-27726-field_9\" name=\"wpforms[fields][9]\">Califica los siguientes aspectos del taller:<\/h3><\/div><div id=\"wpforms-27726-field_7-container\" class=\"wpforms-field wpforms-field-radio wpforms-list-inline\" data-field-id=\"7\"><label class=\"wpforms-field-label\" for=\"wpforms-27726-field_7\">Contenido <span class=\"wpforms-required-label\">*<\/span><\/label><ul id=\"wpforms-27726-field_7\" class=\"wpforms-field-required\"><li class=\"choice-1 depth-1\"><input type=\"radio\" id=\"wpforms-27726-field_7_1\" name=\"wpforms[fields][7]\" value=\"Malo\" required ><label class=\"wpforms-field-label-inline\" for=\"wpforms-27726-field_7_1\">Malo<\/label><\/li><li class=\"choice-2 depth-1\"><input type=\"radio\" id=\"wpforms-27726-field_7_2\" name=\"wpforms[fields][7]\" value=\"Deficiente\" required ><label class=\"wpforms-field-label-inline\" for=\"wpforms-27726-field_7_2\">Deficiente<\/label><\/li><li class=\"choice-3 depth-1\"><input type=\"radio\" id=\"wpforms-27726-field_7_3\" name=\"wpforms[fields][7]\" value=\"Regular\" required ><label class=\"wpforms-field-label-inline\" for=\"wpforms-27726-field_7_3\">Regular<\/label><\/li><li class=\"choice-4 depth-1\"><input type=\"radio\" id=\"wpforms-27726-field_7_4\" name=\"wpforms[fields][7]\" value=\"Destacado\" required ><label class=\"wpforms-field-label-inline\" for=\"wpforms-27726-field_7_4\">Destacado<\/label><\/li><li class=\"choice-5 depth-1\"><input type=\"radio\" id=\"wpforms-27726-field_7_5\" name=\"wpforms[fields][7]\" value=\"Excelente\" required ><label class=\"wpforms-field-label-inline\" for=\"wpforms-27726-field_7_5\">Excelente<\/label><\/li><\/ul><\/div><div id=\"wpforms-27726-field_10-container\" class=\"wpforms-field wpforms-field-radio wpforms-list-inline\" data-field-id=\"10\"><label class=\"wpforms-field-label\" for=\"wpforms-27726-field_10\">Facilitador <span class=\"wpforms-required-label\">*<\/span><\/label><ul id=\"wpforms-27726-field_10\" class=\"wpforms-field-required\"><li class=\"choice-1 depth-1\"><input type=\"radio\" id=\"wpforms-27726-field_10_1\" name=\"wpforms[fields][10]\" value=\"Malo\" required ><label class=\"wpforms-field-label-inline\" for=\"wpforms-27726-field_10_1\">Malo<\/label><\/li><li class=\"choice-2 depth-1\"><input type=\"radio\" id=\"wpforms-27726-field_10_2\" name=\"wpforms[fields][10]\" value=\"Deficiente\" required ><label class=\"wpforms-field-label-inline\" for=\"wpforms-27726-field_10_2\">Deficiente<\/label><\/li><li class=\"choice-3 depth-1\"><input type=\"radio\" id=\"wpforms-27726-field_10_3\" name=\"wpforms[fields][10]\" value=\"Regular\" required ><label class=\"wpforms-field-label-inline\" for=\"wpforms-27726-field_10_3\">Regular<\/label><\/li><li class=\"choice-4 depth-1\"><input type=\"radio\" id=\"wpforms-27726-field_10_4\" name=\"wpforms[fields][10]\" value=\"Destacado\" required ><label class=\"wpforms-field-label-inline\" for=\"wpforms-27726-field_10_4\">Destacado<\/label><\/li><li class=\"choice-5 depth-1\"><input type=\"radio\" id=\"wpforms-27726-field_10_5\" name=\"wpforms[fields][10]\" value=\"Excelente\" required ><label class=\"wpforms-field-label-inline\" for=\"wpforms-27726-field_10_5\">Excelente<\/label><\/li><\/ul><\/div><div id=\"wpforms-27726-field_11-container\" class=\"wpforms-field wpforms-field-radio wpforms-list-inline\" data-field-id=\"11\"><label class=\"wpforms-field-label\" for=\"wpforms-27726-field_11\">Refrigerio <span class=\"wpforms-required-label\">*<\/span><\/label><ul id=\"wpforms-27726-field_11\" class=\"wpforms-field-required\"><li class=\"choice-1 depth-1\"><input type=\"radio\" id=\"wpforms-27726-field_11_1\" name=\"wpforms[fields][11]\" value=\"Malo\" required ><label class=\"wpforms-field-label-inline\" for=\"wpforms-27726-field_11_1\">Malo<\/label><\/li><li class=\"choice-2 depth-1\"><input type=\"radio\" id=\"wpforms-27726-field_11_2\" name=\"wpforms[fields][11]\" value=\"Deficiente\" required ><label class=\"wpforms-field-label-inline\" for=\"wpforms-27726-field_11_2\">Deficiente<\/label><\/li><li class=\"choice-3 depth-1\"><input type=\"radio\" id=\"wpforms-27726-field_11_3\" name=\"wpforms[fields][11]\" value=\"Regular\" required ><label class=\"wpforms-field-label-inline\" for=\"wpforms-27726-field_11_3\">Regular<\/label><\/li><li class=\"choice-4 depth-1\"><input type=\"radio\" id=\"wpforms-27726-field_11_4\" name=\"wpforms[fields][11]\" value=\"Destacado\" required ><label class=\"wpforms-field-label-inline\" for=\"wpforms-27726-field_11_4\">Destacado<\/label><\/li><li class=\"choice-5 depth-1\"><input type=\"radio\" id=\"wpforms-27726-field_11_5\" name=\"wpforms[fields][11]\" value=\"Excelente\" required ><label class=\"wpforms-field-label-inline\" for=\"wpforms-27726-field_11_5\">Excelente<\/label><\/li><\/ul><\/div><div id=\"wpforms-27726-field_12-container\" class=\"wpforms-field wpforms-field-radio wpforms-list-inline\" data-field-id=\"12\"><label class=\"wpforms-field-label\" for=\"wpforms-27726-field_12\">Instalaciones <span class=\"wpforms-required-label\">*<\/span><\/label><ul id=\"wpforms-27726-field_12\" class=\"wpforms-field-required\"><li class=\"choice-1 depth-1\"><input type=\"radio\" id=\"wpforms-27726-field_12_1\" name=\"wpforms[fields][12]\" value=\"Malo\" required ><label class=\"wpforms-field-label-inline\" for=\"wpforms-27726-field_12_1\">Malo<\/label><\/li><li class=\"choice-2 depth-1\"><input type=\"radio\" id=\"wpforms-27726-field_12_2\" name=\"wpforms[fields][12]\" value=\"Deficiente\" required ><label class=\"wpforms-field-label-inline\" for=\"wpforms-27726-field_12_2\">Deficiente<\/label><\/li><li class=\"choice-3 depth-1\"><input type=\"radio\" id=\"wpforms-27726-field_12_3\" name=\"wpforms[fields][12]\" value=\"Regular\" required ><label class=\"wpforms-field-label-inline\" for=\"wpforms-27726-field_12_3\">Regular<\/label><\/li><li class=\"choice-4 depth-1\"><input type=\"radio\" id=\"wpforms-27726-field_12_4\" name=\"wpforms[fields][12]\" value=\"Destacado\" required ><label class=\"wpforms-field-label-inline\" for=\"wpforms-27726-field_12_4\">Destacado<\/label><\/li><li class=\"choice-5 depth-1\"><input type=\"radio\" id=\"wpforms-27726-field_12_5\" name=\"wpforms[fields][12]\" value=\"Excelente\" required ><label class=\"wpforms-field-label-inline\" for=\"wpforms-27726-field_12_5\">Excelente<\/label><\/li><\/ul><\/div><div id=\"wpforms-27726-field_16-container\" class=\"wpforms-field wpforms-field-divider\" data-field-id=\"16\"><h3 id=\"wpforms-27726-field_16\" name=\"wpforms[fields][16]\">Preguntas opcionales<\/h3><\/div><div id=\"wpforms-27726-field_13-container\" class=\"wpforms-field wpforms-field-textarea\" data-field-id=\"13\"><label class=\"wpforms-field-label\" for=\"wpforms-27726-field_13\">\u00bfQu\u00e9 otro taller te gustar\u00eda que realicemos para ti?<\/label><textarea id=\"wpforms-27726-field_13\" class=\"wpforms-field-medium\" name=\"wpforms[fields][13]\" ><\/textarea><\/div><div id=\"wpforms-27726-field_14-container\" class=\"wpforms-field wpforms-field-textarea\" data-field-id=\"14\"><label class=\"wpforms-field-label\" for=\"wpforms-27726-field_14\">\u00bfAlguna sugerencia para mejorar nuestro servicio?<\/label><textarea id=\"wpforms-27726-field_14\" class=\"wpforms-field-medium\" name=\"wpforms[fields][14]\" ><\/textarea><\/div><\/div><div class=\"wpforms-recaptcha-container wpforms-is-recaptcha\"><div class=\"g-recaptcha\" data-sitekey=\"6LeAS_gqAAAAAENw1VVRYCtNLbq0517lheAtyC3i\" data-size=\"invisible\"><\/div><\/div><div class=\"wpforms-submit-container\"><input type=\"hidden\" name=\"wpforms[id]\" value=\"27726\"><input type=\"hidden\" name=\"wpforms[author]\" value=\"1\"><button type=\"submit\" name=\"wpforms[submit]\" id=\"wpforms-submit-27726\" class=\"wpforms-submit\" data-alt-text=\"ENVIANDO TU OPINI\u00d3N...\" data-submit-text=\"DESCARGAR CERTIFICADO\" aria-live=\"assertive\" value=\"wpforms-submit\">DESCARGAR CERTIFICADO<\/button><\/div><\/form><\/div>  <!-- .wpforms-container -->            <\/div>\n\t\t<\/div>\n\t\t\t\t<\/div>\n\t\t\t\t\t<\/div>\n\t\t<\/div>\n\t\t\t\t\t\t\t<\/div>\n\t\t<\/section>\n\t\t\t\t\t\t\t<\/div>\n\t\t","protected":false},"excerpt":{"rendered":"<p>Encuesta de evaluaci\u00f3n Ay\u00fadanos a seguir mejorando. Por favor, activa JavaScript en tu navegador para completar este formulario. Empecemos&#8230; Selecciona el taller al cual asististe *Branding PersonalCanva: Dise\u00f1a para redes socialesCreaci\u00f3n de contenido para redes socialesC\u00f3mo sacarle provecho a LinkedinGesti\u00f3n de redes socialesFotograf\u00eda digital m\u00f3vilFundamentos de marketing para emprendedoresInstagram como herramienta de marketing digitalConstruye tu &hellip;<\/p>\n<p class=\"read-more\"> <a class=\"\" href=\"https:\/\/miguelenlaweb.com\/site\/evaluacion-talleres\/\"> <span class=\"screen-reader-text\">Evaluaci\u00f3n talleres<\/span> Read More \u00bb<\/a><\/p>\n","protected":false},"author":1,"featured_media":26178,"parent":0,"menu_order":0,"comment_status":"closed","ping_status":"closed","template":"","meta":{"site-sidebar-layout":"no-sidebar","site-content-layout":"page-builder","ast-global-header-display":"","ast-main-header-display":"","ast-hfb-above-header-display":"","ast-hfb-below-header-display":"","ast-hfb-mobile-header-display":"","site-post-title":"disabled","ast-breadcrumbs-content":"","ast-featured-img":"disabled","footer-sml-layout":"","theme-transparent-header-meta":"enabled","adv-header-id-meta":"","stick-header-meta":"","header-above-stick-meta":"","header-main-stick-meta":"","header-below-stick-meta":""},"_links":{"self":[{"href":"https:\/\/miguelenlaweb.com\/site\/wp-json\/wp\/v2\/pages\/27732"}],"collection":[{"href":"https:\/\/miguelenlaweb.com\/site\/wp-json\/wp\/v2\/pages"}],"about":[{"href":"https:\/\/miguelenlaweb.com\/site\/wp-json\/wp\/v2\/types\/page"}],"author":[{"embeddable":true,"href":"https:\/\/miguelenlaweb.com\/site\/wp-json\/wp\/v2\/users\/1"}],"replies":[{"embeddable":true,"href":"https:\/\/miguelenlaweb.com\/site\/wp-json\/wp\/v2\/comments?post=27732"}],"version-history":[{"count":0,"href":"https:\/\/miguelenlaweb.com\/site\/wp-json\/wp\/v2\/pages\/27732\/revisions"}],"wp:featuredmedia":[{"embeddable":true,"href":"https:\/\/miguelenlaweb.com\/site\/wp-json\/wp\/v2\/media\/26178"}],"wp:attachment":[{"href":"https:\/\/miguelenlaweb.com\/site\/wp-json\/wp\/v2\/media?parent=27732"}],"curies":[{"name":"wp","href":"https:\/\/api.w.org\/{rel}","templated":true}]}}